{"id":33,"date":"2017-03-14T21:36:36","date_gmt":"2017-03-14T19:36:36","guid":{"rendered":"http:\/\/wuethrichspirig.ch\/blog\/?page_id=33"},"modified":"2017-03-14T21:44:58","modified_gmt":"2017-03-14T19:44:58","slug":"kontakt","status":"publish","type":"page","link":"https:\/\/wuethrichspirig.ch\/blog\/kontakt\/","title":{"rendered":"Kontakt"},"content":{"rendered":"<p>Brigitte W\u00fcthrich Spirig<br \/>\nR\u00f6ntgenstrasse 41<br \/>\n8005 Z\u00fcrich<br \/>\nBrigitte \u00e6t wuethrichspirig.ch<\/p>\n","protected":false},"excerpt":{"rendered":"<p>Brigitte W\u00fcthrich Spirig R\u00f6ntgenstrasse 41 8005 Z\u00fcrich Brigitte \u00e6t wuethrichspirig.ch<\/p>\n","protected":false},"author":1,"featured_media":0,"parent":0,"menu_order":0,"comment_status":"closed","ping_status":"closed","template":"","meta":{"footnotes":""},"class_list":{"0":"post-33","1":"page","2":"type-page","3":"status-publish","5":"entry"},"_links":{"self":[{"href":"https:\/\/wuethrichspirig.ch\/blog\/wp-json\/wp\/v2\/pages\/33","targetHints":{"allow":["GET"]}}],"collection":[{"href":"https:\/\/wuethrichspirig.ch\/blog\/wp-json\/wp\/v2\/pages"}],"about":[{"href":"https:\/\/wuethrichspirig.ch\/blog\/wp-json\/wp\/v2\/types\/page"}],"author":[{"embeddable":true,"href":"https:\/\/wuethrichspirig.ch\/blog\/wp-json\/wp\/v2\/users\/1"}],"replies":[{"embeddable":true,"href":"https:\/\/wuethrichspirig.ch\/blog\/wp-json\/wp\/v2\/comments?post=33"}],"version-history":[{"count":1,"href":"https:\/\/wuethrichspirig.ch\/blog\/wp-json\/wp\/v2\/pages\/33\/revisions"}],"predecessor-version":[{"id":34,"href":"https:\/\/wuethrichspirig.ch\/blog\/wp-json\/wp\/v2\/pages\/33\/revisions\/34"}],"wp:attachment":[{"href":"https:\/\/wuethrichspirig.ch\/blog\/wp-json\/wp\/v2\/media?parent=33"}],"curies":[{"name":"wp","href":"https:\/\/api.w.org\/{rel}","templated":true}]}}